{"id":851,"date":"2025-08-21T06:58:26","date_gmt":"2025-08-21T06:58:26","guid":{"rendered":"https:\/\/www.smbfortuna.com\/?page_id=851"},"modified":"2025-08-21T07:19:22","modified_gmt":"2025-08-21T07:19:22","slug":"proceso-de-revision-reclamacion","status":"publish","type":"page","link":"https:\/\/www.smbfortuna.com\/index.php\/proceso-de-revision-reclamacion\/","title":{"rendered":"Proceso de revisi\u00f3n\/reclamaci\u00f3n"},"content":{"rendered":"\n<figure class=\"wp-block-table is-style-stripes\"><table class=\"has-fixed-layout\"><tbody><tr><td><strong>RECLAMACION CALIFICACION FINAL<\/strong><\/td><\/tr><tr><td><a href=\"https:\/\/www.smbfortuna.com\/PGA\/RECLAMACIONES\/CALIFICACION%20FINAL\/MODELO%201%20Solicitud%20de%20revisi%C3%B3n%20de%20la%20calificaci%C3%B3n%20final%20en%20el%20centro%20educativo.docx\">MODELO 1 Solicitud de revisi\u00f3n de la calificaci\u00f3n final en el centro educativo<\/a><\/td><\/tr><tr><td><a href=\"https:\/\/www.smbfortuna.com\/PGA\/RECLAMACIONES\/CALIFICACION%20FINAL\/MODELO%20A%20Comunicacion%20al%20departamento.docx\">MODELO A Comunicacion al departamento<\/a><\/td><\/tr><tr><td><a href=\"https:\/\/www.smbfortuna.com\/PGA\/RECLAMACIONES\/CALIFICACION%20FINAL\/MODELO%20B%20Comunicacion%20al%20profesor%20tutor.docx\">MODELO B Comunicacion al profesor tutor<\/a><\/td><\/tr><tr><td><a href=\"https:\/\/www.smbfortuna.com\/PGA\/RECLAMACIONES\/CALIFICACION%20FINAL\/MODELO%20D%20Informe%20del%20departamento.docx\">MODELO D Informe del departamento<\/a><\/td><\/tr><tr><td><a href=\"https:\/\/www.smbfortuna.com\/PGA\/RECLAMACIONES\/CALIFICACION%20FINAL\/MODELO%20E%20Traslado%20del%20departamento%20a%20jefatura%20de%20estudios.docx\">MODELO E Traslado del departamento a jefatura de estudios<\/a><\/td><\/tr><tr><td><a href=\"https:\/\/www.smbfortuna.com\/PGA\/RECLAMACIONES\/CALIFICACION%20FINAL\/MODELO%20F%20Comunicacion%20al%20interesado.docx\">MODELO F Comunicacion al interesado<\/a><\/td><\/tr><\/tbody><\/table><\/figure>\n\n\n\n<figure class=\"wp-block-table is-style-stripes\"><table class=\"has-fixed-layout\"><tbody><tr><td><strong>RECLAMACI\u00d3N PROMOCI\u00d3N-TITULACI\u00d3N<\/strong><\/td><\/tr><tr><td><a href=\"https:\/\/www.smbfortuna.com\/PGA\/RECLAMACIONES\/PROMOCION%20TITULACION\/MODELO%202%20Solicitud%20de%20revisi%C3%B3n%20de%20la%20decison%20de%20promocion%20o%20titulacion.docx\">MODELO 2 Solicitud de revisi\u00f3n de la decison de promocion o titulacion<\/a><\/td><\/tr><tr><td><a href=\"https:\/\/www.smbfortuna.com\/PGA\/RECLAMACIONES\/PROMOCION%20TITULACION\/MODELO%20C%20Comunicacon%20al%20tutor%20revison%20promocion%20titulacion.docx\">MODELO C Comunicacon al tutor revison promocion titulacion<\/a><\/td><\/tr><tr><td><a href=\"https:\/\/www.smbfortuna.com\/PGA\/RECLAMACIONES\/PROMOCION%20TITULACION\/MODELO%20G%20Informe%20del%20equipo%20docente.docx\">MODELO G Informe del equipo docente<\/a><\/td><\/tr><tr><td><a href=\"https:\/\/www.smbfortuna.com\/PGA\/RECLAMACIONES\/PROMOCION%20TITULACION\/MODELO%20H%20Traslado%20del%20informe%20del%20equipo%20a%20jefatura.docx\">MODELO H Traslado del informe del equipo a jefatura<\/a><\/td><\/tr><tr><td><a href=\"https:\/\/www.smbfortuna.com\/PGA\/RECLAMACIONES\/PROMOCION%20TITULACION\/MODELO%20I%20Comunicacion%20al%20interesado.docx\">MODELO I Comunicacion al interesado<\/a><\/td><\/tr><\/tbody><\/table><\/figure>\n\n\n\n<figure class=\"wp-block-table is-style-stripes\"><table class=\"has-fixed-layout\"><tbody><tr><td><strong>ELEVACI\u00d3N A ORDENACI\u00d3N ACAD\u00c9MICA<\/strong><\/td><\/tr><tr><td><a href=\"https:\/\/www.smbfortuna.com\/PGA\/RECLAMACIONES\/RECLAMACION%20A%20ORDENACION%20ACADEMICA\/modelos%20formularios\/198507-1.-Exp.%20elevaci%C3%B3n%20reclam.%20a%20la%20DG.docx\">Expediente elevaci\u00f3n reclamaci\u00f3n a la DG<\/a><\/td><\/tr><tr><td><a href=\"https:\/\/www.smbfortuna.com\/PGA\/RECLAMACIONES\/RECLAMACION%20A%20ORDENACION%20ACADEMICA\/modelos%20formularios\/MODELO%203%20Solicitud%20elevar%20calificacion%20final.docx\">MODELO 3 Solicitud elevar calificacion final<\/a><\/td><\/tr><tr><td><a href=\"https:\/\/www.smbfortuna.com\/PGA\/RECLAMACIONES\/RECLAMACION%20A%20ORDENACION%20ACADEMICA\/modelos%20formularios\/MODELO%204%20Solicitud%20elevar%20promocion%20titulacion.docx\">MODELO 4 Solicitud elevar promocion titulacion<\/a><\/td><\/tr><\/tbody><\/table><\/figure>\n","protected":false},"excerpt":{"rendered":"<p>RECLAMACION CALIFICACION FINAL MODELO 1 Solicitud de revisi\u00f3n de la calificaci\u00f3n final en el centro educativo MODELO A Comunicacion al departamento MODELO B Comunicacion al profesor tutor MODELO D Informe del departamento MODELO E Traslado del departamento a jefatura de estudios MODELO F Comunicacion al interesado RECLAMACI\u00d3N PROMOCI\u00d3N-TITULACI\u00d3N MODELO 2 Solicitud de revisi\u00f3n de la [&hellip;]<\/p>\n","protected":false},"author":2,"featured_media":0,"parent":0,"menu_order":0,"comment_status":"closed","ping_status":"closed","template":"","meta":{"footnotes":""},"class_list":["post-851","page","type-page","status-publish","hentry"],"yoast_head":"<!-- This site is optimized with the Yoast SEO plugin v27.5 - https:\/\/yoast.com\/product\/yoast-seo-wordpress\/ -->\n<title>Proceso de revisi\u00f3n\/reclamaci\u00f3n - IES Santa Mar\u00eda de los Ba\u00f1os<\/title>\n<meta name=\"robots\" content=\"index, follow, max-snippet:-1, max-image-preview:large, max-video-preview:-1\" \/>\n<link rel=\"canonical\" href=\"https:\/\/www.smbfortuna.com\/index.php\/proceso-de-revision-reclamacion\/\" \/>\n<meta property=\"og:locale\" content=\"es_ES\" \/>\n<meta property=\"og:type\" content=\"article\" \/>\n<meta property=\"og:title\" content=\"Proceso de revisi\u00f3n\/reclamaci\u00f3n - IES Santa Mar\u00eda de los Ba\u00f1os\" \/>\n<meta property=\"og:description\" content=\"RECLAMACION CALIFICACION FINAL MODELO 1 Solicitud de revisi\u00f3n de la calificaci\u00f3n final en el centro educativo MODELO A Comunicacion al departamento MODELO B Comunicacion al profesor tutor MODELO D Informe del departamento MODELO E Traslado del departamento a jefatura de estudios MODELO F Comunicacion al interesado RECLAMACI\u00d3N PROMOCI\u00d3N-TITULACI\u00d3N MODELO 2 Solicitud de revisi\u00f3n de la [&hellip;]\" \/>\n<meta property=\"og:url\" content=\"https:\/\/www.smbfortuna.com\/index.php\/proceso-de-revision-reclamacion\/\" \/>\n<meta property=\"og:site_name\" content=\"IES Santa Mar\u00eda de los Ba\u00f1os\" \/>\n<meta property=\"article:modified_time\" content=\"2025-08-21T07:19:22+00:00\" \/>\n<meta name=\"twitter:card\" content=\"summary_large_image\" \/>\n<meta name=\"twitter:label1\" content=\"Tiempo de lectura\" \/>\n\t<meta name=\"twitter:data1\" content=\"1 minuto\" \/>\n<script type=\"application\/ld+json\" class=\"yoast-schema-graph\">{\"@context\":\"https:\\\/\\\/schema.org\",\"@graph\":[{\"@type\":\"WebPage\",\"@id\":\"https:\\\/\\\/www.smbfortuna.com\\\/index.php\\\/proceso-de-revision-reclamacion\\\/\",\"url\":\"https:\\\/\\\/www.smbfortuna.com\\\/index.php\\\/proceso-de-revision-reclamacion\\\/\",\"name\":\"Proceso de revisi\u00f3n\\\/reclamaci\u00f3n - IES Santa Mar\u00eda de los Ba\u00f1os\",\"isPartOf\":{\"@id\":\"https:\\\/\\\/www.smbfortuna.com\\\/#website\"},\"datePublished\":\"2025-08-21T06:58:26+00:00\",\"dateModified\":\"2025-08-21T07:19:22+00:00\",\"breadcrumb\":{\"@id\":\"https:\\\/\\\/www.smbfortuna.com\\\/index.php\\\/proceso-de-revision-reclamacion\\\/#breadcrumb\"},\"inLanguage\":\"es\",\"potentialAction\":[{\"@type\":\"ReadAction\",\"target\":[\"https:\\\/\\\/www.smbfortuna.com\\\/index.php\\\/proceso-de-revision-reclamacion\\\/\"]}]},{\"@type\":\"BreadcrumbList\",\"@id\":\"https:\\\/\\\/www.smbfortuna.com\\\/index.php\\\/proceso-de-revision-reclamacion\\\/#breadcrumb\",\"itemListElement\":[{\"@type\":\"ListItem\",\"position\":1,\"name\":\"Portada\",\"item\":\"https:\\\/\\\/www.smbfortuna.com\\\/\"},{\"@type\":\"ListItem\",\"position\":2,\"name\":\"Proceso de revisi\u00f3n\\\/reclamaci\u00f3n\"}]},{\"@type\":\"WebSite\",\"@id\":\"https:\\\/\\\/www.smbfortuna.com\\\/#website\",\"url\":\"https:\\\/\\\/www.smbfortuna.com\\\/\",\"name\":\"IES Santa Mar\u00eda de los Ba\u00f1os\",\"description\":\"\",\"publisher\":{\"@id\":\"https:\\\/\\\/www.smbfortuna.com\\\/#organization\"},\"potentialAction\":[{\"@type\":\"SearchAction\",\"target\":{\"@type\":\"EntryPoint\",\"urlTemplate\":\"https:\\\/\\\/www.smbfortuna.com\\\/?s={search_term_string}\"},\"query-input\":{\"@type\":\"PropertyValueSpecification\",\"valueRequired\":true,\"valueName\":\"search_term_string\"}}],\"inLanguage\":\"es\"},{\"@type\":\"Organization\",\"@id\":\"https:\\\/\\\/www.smbfortuna.com\\\/#organization\",\"name\":\"IES Santa Mar\u00eda de los Ba\u00f1os\",\"url\":\"https:\\\/\\\/www.smbfortuna.com\\\/\",\"logo\":{\"@type\":\"ImageObject\",\"inLanguage\":\"es\",\"@id\":\"https:\\\/\\\/www.smbfortuna.com\\\/#\\\/schema\\\/logo\\\/image\\\/\",\"url\":\"https:\\\/\\\/www.smbfortuna.com\\\/wp-content\\\/uploads\\\/2024\\\/08\\\/cropped-logo-fortuna.jpg\",\"contentUrl\":\"https:\\\/\\\/www.smbfortuna.com\\\/wp-content\\\/uploads\\\/2024\\\/08\\\/cropped-logo-fortuna.jpg\",\"width\":250,\"height\":250,\"caption\":\"IES Santa Mar\u00eda de los Ba\u00f1os\"},\"image\":{\"@id\":\"https:\\\/\\\/www.smbfortuna.com\\\/#\\\/schema\\\/logo\\\/image\\\/\"}}]}<\/script>\n<!-- \/ Yoast SEO plugin. -->","yoast_head_json":{"title":"Proceso de revisi\u00f3n\/reclamaci\u00f3n - IES Santa Mar\u00eda de los Ba\u00f1os","robots":{"index":"index","follow":"follow","max-snippet":"max-snippet:-1","max-image-preview":"max-image-preview:large","max-video-preview":"max-video-preview:-1"},"canonical":"https:\/\/www.smbfortuna.com\/index.php\/proceso-de-revision-reclamacion\/","og_locale":"es_ES","og_type":"article","og_title":"Proceso de revisi\u00f3n\/reclamaci\u00f3n - IES Santa Mar\u00eda de los Ba\u00f1os","og_description":"RECLAMACION CALIFICACION FINAL MODELO 1 Solicitud de revisi\u00f3n de la calificaci\u00f3n final en el centro educativo MODELO A Comunicacion al departamento MODELO B Comunicacion al profesor tutor MODELO D Informe del departamento MODELO E Traslado del departamento a jefatura de estudios MODELO F Comunicacion al interesado RECLAMACI\u00d3N PROMOCI\u00d3N-TITULACI\u00d3N MODELO 2 Solicitud de revisi\u00f3n de la [&hellip;]","og_url":"https:\/\/www.smbfortuna.com\/index.php\/proceso-de-revision-reclamacion\/","og_site_name":"IES Santa Mar\u00eda de los Ba\u00f1os","article_modified_time":"2025-08-21T07:19:22+00:00","twitter_card":"summary_large_image","twitter_misc":{"Tiempo de lectura":"1 minuto"},"schema":{"@context":"https:\/\/schema.org","@graph":[{"@type":"WebPage","@id":"https:\/\/www.smbfortuna.com\/index.php\/proceso-de-revision-reclamacion\/","url":"https:\/\/www.smbfortuna.com\/index.php\/proceso-de-revision-reclamacion\/","name":"Proceso de revisi\u00f3n\/reclamaci\u00f3n - IES Santa Mar\u00eda de los Ba\u00f1os","isPartOf":{"@id":"https:\/\/www.smbfortuna.com\/#website"},"datePublished":"2025-08-21T06:58:26+00:00","dateModified":"2025-08-21T07:19:22+00:00","breadcrumb":{"@id":"https:\/\/www.smbfortuna.com\/index.php\/proceso-de-revision-reclamacion\/#breadcrumb"},"inLanguage":"es","potentialAction":[{"@type":"ReadAction","target":["https:\/\/www.smbfortuna.com\/index.php\/proceso-de-revision-reclamacion\/"]}]},{"@type":"BreadcrumbList","@id":"https:\/\/www.smbfortuna.com\/index.php\/proceso-de-revision-reclamacion\/#breadcrumb","itemListElement":[{"@type":"ListItem","position":1,"name":"Portada","item":"https:\/\/www.smbfortuna.com\/"},{"@type":"ListItem","position":2,"name":"Proceso de revisi\u00f3n\/reclamaci\u00f3n"}]},{"@type":"WebSite","@id":"https:\/\/www.smbfortuna.com\/#website","url":"https:\/\/www.smbfortuna.com\/","name":"IES Santa Mar\u00eda de los Ba\u00f1os","description":"","publisher":{"@id":"https:\/\/www.smbfortuna.com\/#organization"},"potentialAction":[{"@type":"SearchAction","target":{"@type":"EntryPoint","urlTemplate":"https:\/\/www.smbfortuna.com\/?s={search_term_string}"},"query-input":{"@type":"PropertyValueSpecification","valueRequired":true,"valueName":"search_term_string"}}],"inLanguage":"es"},{"@type":"Organization","@id":"https:\/\/www.smbfortuna.com\/#organization","name":"IES Santa Mar\u00eda de los Ba\u00f1os","url":"https:\/\/www.smbfortuna.com\/","logo":{"@type":"ImageObject","inLanguage":"es","@id":"https:\/\/www.smbfortuna.com\/#\/schema\/logo\/image\/","url":"https:\/\/www.smbfortuna.com\/wp-content\/uploads\/2024\/08\/cropped-logo-fortuna.jpg","contentUrl":"https:\/\/www.smbfortuna.com\/wp-content\/uploads\/2024\/08\/cropped-logo-fortuna.jpg","width":250,"height":250,"caption":"IES Santa Mar\u00eda de los Ba\u00f1os"},"image":{"@id":"https:\/\/www.smbfortuna.com\/#\/schema\/logo\/image\/"}}]}},"_links":{"self":[{"href":"https:\/\/www.smbfortuna.com\/index.php\/wp-json\/wp\/v2\/pages\/851","targetHints":{"allow":["GET"]}}],"collection":[{"href":"https:\/\/www.smbfortuna.com\/index.php\/wp-json\/wp\/v2\/pages"}],"about":[{"href":"https:\/\/www.smbfortuna.com\/index.php\/wp-json\/wp\/v2\/types\/page"}],"author":[{"embeddable":true,"href":"https:\/\/www.smbfortuna.com\/index.php\/wp-json\/wp\/v2\/users\/2"}],"replies":[{"embeddable":true,"href":"https:\/\/www.smbfortuna.com\/index.php\/wp-json\/wp\/v2\/comments?post=851"}],"version-history":[{"count":3,"href":"https:\/\/www.smbfortuna.com\/index.php\/wp-json\/wp\/v2\/pages\/851\/revisions"}],"predecessor-version":[{"id":860,"href":"https:\/\/www.smbfortuna.com\/index.php\/wp-json\/wp\/v2\/pages\/851\/revisions\/860"}],"wp:attachment":[{"href":"https:\/\/www.smbfortuna.com\/index.php\/wp-json\/wp\/v2\/media?parent=851"}],"curies":[{"name":"wp","href":"https:\/\/api.w.org\/{rel}","templated":true}]}}